{"id":2138,"date":"2024-01-24T02:09:28","date_gmt":"2024-01-24T07:09:28","guid":{"rendered":"https:\/\/ahcqad.org\/?page_id=2138"},"modified":"2024-02-07T15:00:31","modified_gmt":"2024-02-07T20:00:31","slug":"nos-programmes","status":"publish","type":"page","link":"https:\/\/ahcqad.org\/fr?page_id=2138","title":{"rendered":"Nos programmes"},"content":{"rendered":"\t\t<div data-elementor-type=\"wp-page\" data-elementor-id=\"2138\" class=\"elementor elementor-2138\">\n\t\t\t\t\t\t\t<div class=\"elementor-element elementor-element-5b4fe69b e-flex e-con-boxed e-con e-parent\" data-id=\"5b4fe69b\" data-element_type=\"container\" data-settings=\"{&quot;content_width&quot;:&quot;boxed&quot;}\" data-core-v316-plus=\"true\">\n\t\t\t\t\t<div class=\"e-con-inner\">\n\t\t\t\t<div class=\"elementor-element elementor-element-308632d8 elementor-widget elementor-widget-heading\" data-id=\"308632d8\" data-element_type=\"widget\" data-widget_type=\"heading.default\">\n\t\t\t\t<div class=\"elementor-widget-container\">\n\t\t\t<style>\/*! elementor - v3.18.0 - 20-12-2023 *\/\n.elementor-heading-title{padding:0;margin:0;line-height:1}.elementor-widget-heading .elementor-heading-title[class*=elementor-size-]>a{color:inherit;font-size:inherit;line-height:inherit}.elementor-widget-heading .elementor-heading-title.elementor-size-small{font-size:15px}.elementor-widget-heading .elementor-heading-title.elementor-size-medium{font-size:19px}.elementor-widget-heading .elementor-heading-title.elementor-size-large{font-size:29px}.elementor-widget-heading .elementor-heading-title.elementor-size-xl{font-size:39px}.elementor-widget-heading .elementor-heading-title.elementor-size-xxl{font-size:59px}<\/style><h2 class=\"elementor-heading-title elementor-size-default\">Nos programmes<\/h2>\t\t<\/div>\n\t\t\t\t<\/div>\n\t\t\t\t\t<\/div>\n\t\t\t\t<\/div>\n\t\t<div class=\"elementor-element elementor-element-ad59d0f e-flex e-con-boxed e-con e-parent\" data-id=\"ad59d0f\" data-element_type=\"container\" data-settings=\"{&quot;content_width&quot;:&quot;boxed&quot;}\" data-core-v316-plus=\"true\">\n\t\t\t\t\t<div class=\"e-con-inner\">\n\t\t<div class=\"elementor-element elementor-element-69c83f2 e-con-full e-flex e-con e-child\" data-id=\"69c83f2\" data-element_type=\"container\" data-settings=\"{&quot;content_width&quot;:&quot;full&quot;}\">\n\t\t\t\t<div class=\"elementor-element elementor-element-162ffa5 elementor-widget__width-initial elementor-invisible elementor-widget elementor-widget-heading\" data-id=\"162ffa5\" data-element_type=\"widget\" data-settings=\"{&quot;_animation&quot;:&quot;zoomIn&quot;}\" data-widget_type=\"heading.default\">\n\t\t\t\t<div class=\"elementor-widget-container\">\n\t\t\t<h2 class=\"elementor-heading-title elementor-size-medium\">Nos programmes sont pens\u00e9s avec vous \u00e0 l'esprit ! N'h\u00e9sitez pas \u00e0 en b\u00e9n\u00e9ficier, car ils sont sp\u00e9cialement cr\u00e9\u00e9s pour r\u00e9pondre \u00e0 vos besoins. Nous vous encourageons vivement \u00e0 participer et \u00e0 profiter pleinement de ces opportunit\u00e9s qui sont l\u00e0 pour vous. Ne vous retenez pas, c'est pour vous que nous les avons mis en place. Rejoignez-nous avec confiance pour en tirer le meilleur parti.<\/h2>\t\t<\/div>\n\t\t\t\t<\/div>\n\t\t\t\t<\/div>\n\t\t<div class=\"elementor-element elementor-element-57658e8 e-con-full e-flex e-con e-child\" data-id=\"57658e8\" data-element_type=\"container\" data-settings=\"{&quot;content_width&quot;:&quot;full&quot;}\">\n\t\t\t\t<div class=\"elementor-element elementor-element-7491a95 elementor-widget-divider--view-line elementor-widget elementor-widget-divider\" data-id=\"7491a95\" data-element_type=\"widget\" data-widget_type=\"divider.default\">\n\t\t\t\t<div class=\"elementor-widget-container\">\n\t\t\t<style>\/*! elementor - v3.18.0 - 20-12-2023 *\/\n.elementor-widget-divider{--divider-border-style:none;--divider-border-width:1px;--divider-color:#0c0d0e;--divider-icon-size:20px;--divider-element-spacing:10px;--divider-pattern-height:24px;--divider-pattern-size:20px;--divider-pattern-url:none;--divider-pattern-repeat:repeat-x}.elementor-widget-divider .elementor-divider{display:flex}.elementor-widget-divider .elementor-divider__text{font-size:15px;line-height:1;max-width:95%}.elementor-widget-divider .elementor-divider__element{margin:0 var(--divider-element-spacing);flex-shrink:0}.elementor-widget-divider .elementor-icon{font-size:var(--divider-icon-size)}.elementor-widget-divider .elementor-divider-separator{display:flex;margin:0;direction:ltr}.elementor-widget-divider--view-line_icon .elementor-divider-separator,.elementor-widget-divider--view-line_text .elementor-divider-separator{align-items:center}.elementor-widget-divider--view-line_icon .elementor-divider-separator:after,.elementor-widget-divider--view-line_icon .elementor-divider-separator:before,.elementor-widget-divider--view-line_text .elementor-divider-separator:after,.elementor-widget-divider--view-line_text .elementor-divider-separator:before{display:block;content:\"\";border-bottom:0;flex-grow:1;border-top:var(--divider-border-width) var(--divider-border-style) var(--divider-color)}.elementor-widget-divider--element-align-left .elementor-divider .elementor-divider-separator>.elementor-divider__svg:first-of-type{flex-grow:0;flex-shrink:100}.elementor-widget-divider--element-align-left .elementor-divider-separator:before{content:none}.elementor-widget-divider--element-align-left .elementor-divider__element{margin-left:0}.elementor-widget-divider--element-align-right .elementor-divider .elementor-divider-separator>.elementor-divider__svg:last-of-type{flex-grow:0;flex-shrink:100}.elementor-widget-divider--element-align-right .elementor-divider-separator:after{content:none}.elementor-widget-divider--element-align-right .elementor-divider__element{margin-right:0}.elementor-widget-divider:not(.elementor-widget-divider--view-line_text):not(.elementor-widget-divider--view-line_icon) .elementor-divider-separator{border-top:var(--divider-border-width) var(--divider-border-style) var(--divider-color)}.elementor-widget-divider--separator-type-pattern{--divider-border-style:none}.elementor-widget-divider--separator-type-pattern.elementor-widget-divider--view-line .elementor-divider-separator,.elementor-widget-divider--separator-type-pattern:not(.elementor-widget-divider--view-line) .elementor-divider-separator:after,.elementor-widget-divider--separator-type-pattern:not(.elementor-widget-divider--view-line) .elementor-divider-separator:before,.elementor-widget-divider--separator-type-pattern:not([class*=elementor-widget-divider--view]) .elementor-divider-separator{width:100%;min-height:var(--divider-pattern-height);-webkit-mask-size:var(--divider-pattern-size) 100%;mask-size:var(--divider-pattern-size) 100%;-webkit-mask-repeat:var(--divider-pattern-repeat);mask-repeat:var(--divider-pattern-repeat);background-color:var(--divider-color);-webkit-mask-image:var(--divider-pattern-url);mask-image:var(--divider-pattern-url)}.elementor-widget-divider--no-spacing{--divider-pattern-size:auto}.elementor-widget-divider--bg-round{--divider-pattern-repeat:round}.rtl .elementor-widget-divider .elementor-divider__text{direction:rtl}.e-con-inner>.elementor-widget-divider,.e-con>.elementor-widget-divider{width:var(--container-widget-width,100%);--flex-grow:var(--container-widget-flex-grow)}<\/style>\t\t<div class=\"elementor-divider\">\n\t\t\t<span class=\"elementor-divider-separator\">\n\t\t\t\t\t\t<\/span>\n\t\t<\/div>\n\t\t\t\t<\/div>\n\t\t\t\t<\/div>\n\t\t\t\t<\/div>\n\t\t\t\t<div class=\"elementor-element elementor-element-027e9dd elementor-widget elementor-widget-image\" data-id=\"027e9dd\" data-element_type=\"widget\" data-widget_type=\"image.default\">\n\t\t\t\t<div class=\"elementor-widget-container\">\n\t\t\t<style>\/*! elementor - v3.18.0 - 20-12-2023 *\/\n.elementor-widget-image{text-align:center}.elementor-widget-image a{display:inline-block}.elementor-widget-image a img[src$=\".svg\"]{width:48px}.elementor-widget-image img{vertical-align:middle;display:inline-block}<\/style>\t\t\t\t\t\t\t\t\t\t\t\t<img fetchpriority=\"high\" decoding=\"async\" width=\"799\" height=\"599\" src=\"https:\/\/ahcqad.org\/wp-content\/uploads\/2024\/02\/WhatsApp-Image-2024-01-24-at-1.23.33-PM-1.jpeg\" class=\"attachment-large size-large wp-image-2262\" alt=\"\" srcset=\"https:\/\/ahcqad.org\/wp-content\/uploads\/2024\/02\/WhatsApp-Image-2024-01-24-at-1.23.33-PM-1.jpeg 799w, https:\/\/ahcqad.org\/wp-content\/uploads\/2024\/02\/WhatsApp-Image-2024-01-24-at-1.23.33-PM-1-300x225.jpeg 300w, https:\/\/ahcqad.org\/wp-content\/uploads\/2024\/02\/WhatsApp-Image-2024-01-24-at-1.23.33-PM-1-768x576.jpeg 768w\" sizes=\"(max-width: 799px) 100vw, 799px\" \/>\t\t\t\t\t\t\t\t\t\t\t\t\t\t\t<\/div>\n\t\t\t\t<\/div>\n\t\t\t\t\t<\/div>\n\t\t\t\t<\/div>\n\t\t<div class=\"elementor-element elementor-element-5346803 e-flex e-con-boxed e-con e-parent\" data-id=\"5346803\" data-element_type=\"container\" data-settings=\"{&quot;content_width&quot;:&quot;boxed&quot;}\" data-core-v316-plus=\"true\">\n\t\t\t\t\t<div class=\"e-con-inner\">\n\t\t\t\t\t<\/div>\n\t\t\t\t<\/div>\n\t\t<div class=\"elementor-element elementor-element-7b53f74 e-flex e-con-boxed e-con e-parent\" data-id=\"7b53f74\" data-element_type=\"container\" data-settings=\"{&quot;content_width&quot;:&quot;boxed&quot;}\" data-core-v316-plus=\"true\">\n\t\t\t\t\t<div class=\"e-con-inner\">\n\t\t<div class=\"elementor-element elementor-element-78d9fe1 e-con-full e-flex e-con e-child\" data-id=\"78d9fe1\" data-element_type=\"container\" data-settings=\"{&quot;content_width&quot;:&quot;full&quot;}\">\n\t\t\t\t<div class=\"elementor-element elementor-element-274d57b8 elementor-widget elementor-widget-heading\" data-id=\"274d57b8\" data-element_type=\"widget\" data-widget_type=\"heading.default\">\n\t\t\t\t<div class=\"elementor-widget-container\">\n\t\t\t<h2 class=\"elementor-heading-title elementor-size-default\">Jeunesse Dynamique<\/h2>\t\t<\/div>\n\t\t\t\t<\/div>\n\t\t<div class=\"elementor-element elementor-element-539c5cc9 e-flex e-con-boxed e-con e-child\" data-id=\"539c5cc9\" data-element_type=\"container\" data-settings=\"{&quot;content_width&quot;:&quot;boxed&quot;}\">\n\t\t\t\t\t<div class=\"e-con-inner\">\n\t\t\t\t<div class=\"elementor-element elementor-element-761d5e8c elementor-widget elementor-widget-image\" data-id=\"761d5e8c\" data-element_type=\"widget\" data-widget_type=\"image.default\">\n\t\t\t\t<div class=\"elementor-widget-container\">\n\t\t\t\t\t\t\t\t\t\t\t\t\t\t\t<img decoding=\"async\" width=\"536\" height=\"640\" src=\"https:\/\/ahcqad.org\/wp-content\/uploads\/2024\/01\/program-04.jpg\" class=\"attachment-large size-large wp-image-2191\" alt=\"\" srcset=\"https:\/\/ahcqad.org\/wp-content\/uploads\/2024\/01\/program-04.jpg 536w, https:\/\/ahcqad.org\/wp-content\/uploads\/2024\/01\/program-04-251x300.jpg 251w\" sizes=\"(max-width: 536px) 100vw, 536px\" \/>\t\t\t\t\t\t\t\t\t\t\t\t\t\t\t<\/div>\n\t\t\t\t<\/div>\n\t\t\t\t\t<\/div>\n\t\t\t\t<\/div>\n\t\t<div class=\"elementor-element elementor-element-785b7880 e-flex e-con-boxed e-con e-child\" data-id=\"785b7880\" data-element_type=\"container\" data-settings=\"{&quot;content_width&quot;:&quot;boxed&quot;}\">\n\t\t\t\t\t<div class=\"e-con-inner\">\n\t\t<div class=\"elementor-element elementor-element-41dea4bc e-con-full e-flex e-con e-child\" data-id=\"41dea4bc\" data-element_type=\"container\" data-settings=\"{&quot;content_width&quot;:&quot;full&quot;}\">\n\t\t\t\t<div class=\"elementor-element elementor-element-44841058 elementor-widget elementor-widget-heading\" data-id=\"44841058\" data-element_type=\"widget\" data-widget_type=\"heading.default\">\n\t\t\t\t<div class=\"elementor-widget-container\">\n\t\t\t<h2 class=\"elementor-heading-title elementor-size-default\">Art et culture <\/h2>\t\t<\/div>\n\t\t\t\t<\/div>\n\t\t\t\t<\/div>\n\t\t\t\t<div class=\"elementor-element elementor-element-4d8ba479 elementor-widget elementor-widget-image\" data-id=\"4d8ba479\" data-element_type=\"widget\" data-widget_type=\"image.default\">\n\t\t\t\t<div class=\"elementor-widget-container\">\n\t\t\t\t\t\t\t\t\t\t\t\t\t\t\t<img decoding=\"async\" width=\"800\" height=\"672\" src=\"https:\/\/ahcqad.org\/wp-content\/uploads\/2024\/01\/haiti-swag-nobg.png\" class=\"attachment-large size-large wp-image-2193\" alt=\"\" srcset=\"https:\/\/ahcqad.org\/wp-content\/uploads\/2024\/01\/haiti-swag-nobg.png 800w, https:\/\/ahcqad.org\/wp-content\/uploads\/2024\/01\/haiti-swag-nobg-300x252.png 300w, https:\/\/ahcqad.org\/wp-content\/uploads\/2024\/01\/haiti-swag-nobg-768x645.png 768w\" sizes=\"(max-width: 800px) 100vw, 800px\" \/>\t\t\t\t\t\t\t\t\t\t\t\t\t\t\t<\/div>\n\t\t\t\t<\/div>\n\t\t\t\t\t<\/div>\n\t\t\t\t<\/div>\n\t\t\t\t<\/div>\n\t\t<div class=\"elementor-element elementor-element-6adad3d9 e-con-full e-flex e-con e-child\" data-id=\"6adad3d9\" data-element_type=\"container\" data-settings=\"{&quot;content_width&quot;:&quot;full&quot;}\">\n\t\t\t\t<div class=\"elementor-element elementor-element-2b70952e elementor-widget elementor-widget-heading\" data-id=\"2b70952e\" data-element_type=\"widget\" data-widget_type=\"heading.default\">\n\t\t\t\t<div class=\"elementor-widget-container\">\n\t\t\t<h2 class=\"elementor-heading-title elementor-size-default\">Cuisine Collective<\/h2>\t\t<\/div>\n\t\t\t\t<\/div>\n\t\t\t\t<div class=\"elementor-element elementor-element-2614e7f8 elementor-widget elementor-widget-image\" data-id=\"2614e7f8\" data-element_type=\"widget\" data-widget_type=\"image.default\">\n\t\t\t\t<div class=\"elementor-widget-container\">\n\t\t\t\t\t\t\t\t\t\t\t\t\t\t\t<img loading=\"lazy\" decoding=\"async\" width=\"2304\" height=\"1296\" src=\"https:\/\/ahcqad.org\/wp-content\/uploads\/2024\/01\/20151121004551338.jpg\" class=\"attachment-full size-full wp-image-2195\" alt=\"\" srcset=\"https:\/\/ahcqad.org\/wp-content\/uploads\/2024\/01\/20151121004551338.jpg 2304w, https:\/\/ahcqad.org\/wp-content\/uploads\/2024\/01\/20151121004551338-300x169.jpg 300w, https:\/\/ahcqad.org\/wp-content\/uploads\/2024\/01\/20151121004551338-1024x576.jpg 1024w, https:\/\/ahcqad.org\/wp-content\/uploads\/2024\/01\/20151121004551338-768x432.jpg 768w, https:\/\/ahcqad.org\/wp-content\/uploads\/2024\/01\/20151121004551338-1536x864.jpg 1536w, https:\/\/ahcqad.org\/wp-content\/uploads\/2024\/01\/20151121004551338-2048x1152.jpg 2048w\" sizes=\"(max-width: 2304px) 100vw, 2304px\" \/>\t\t\t\t\t\t\t\t\t\t\t\t\t\t\t<\/div>\n\t\t\t\t<\/div>\n\t\t\t\t<\/div>\n\t\t<div class=\"elementor-element elementor-element-6440188e e-con-full e-flex e-con e-child\" data-id=\"6440188e\" data-element_type=\"container\" data-settings=\"{&quot;content_width&quot;:&quot;full&quot;}\">\n\t\t\t\t<div class=\"elementor-element elementor-element-63608e0 elementor-widget elementor-widget-heading\" data-id=\"63608e0\" data-element_type=\"widget\" data-widget_type=\"heading.default\">\n\t\t\t\t<div class=\"elementor-widget-container\">\n\t\t\t<h2 class=\"elementor-heading-title elementor-size-default\">Ain\u00e9s \u00c9panouis<\/h2>\t\t<\/div>\n\t\t\t\t<\/div>\n\t\t\t\t<div class=\"elementor-element elementor-element-7b829589 elementor-widget elementor-widget-image\" data-id=\"7b829589\" data-element_type=\"widget\" data-widget_type=\"image.default\">\n\t\t\t\t<div class=\"elementor-widget-container\">\n\t\t\t\t\t\t\t\t\t\t\t\t\t\t\t<img loading=\"lazy\" decoding=\"async\" width=\"1024\" height=\"768\" src=\"https:\/\/ahcqad.org\/wp-content\/uploads\/2024\/01\/20151121001121324-1024x768.jpg\" class=\"attachment-large size-large wp-image-2197\" alt=\"\" srcset=\"https:\/\/ahcqad.org\/wp-content\/uploads\/2024\/01\/20151121001121324-1024x768.jpg 1024w, https:\/\/ahcqad.org\/wp-content\/uploads\/2024\/01\/20151121001121324-300x225.jpg 300w, https:\/\/ahcqad.org\/wp-content\/uploads\/2024\/01\/20151121001121324-768x576.jpg 768w, https:\/\/ahcqad.org\/wp-content\/uploads\/2024\/01\/20151121001121324-1536x1152.jpg 1536w, https:\/\/ahcqad.org\/wp-content\/uploads\/2024\/01\/20151121001121324-2048x1536.jpg 2048w\" sizes=\"(max-width: 1024px) 100vw, 1024px\" \/>\t\t\t\t\t\t\t\t\t\t\t\t\t\t\t<\/div>\n\t\t\t\t<\/div>\n\t\t\t\t<\/div>\n\t\t\t\t<div class=\"elementor-element elementor-element-8c0cb67 elementor-widget elementor-widget-spacer\" data-id=\"8c0cb67\" data-element_type=\"widget\" data-widget_type=\"spacer.default\">\n\t\t\t\t<div class=\"elementor-widget-container\">\n\t\t\t<style>\/*! elementor - v3.18.0 - 20-12-2023 *\/\n.elementor-column .elementor-spacer-inner{height:var(--spacer-size)}.e-con{--container-widget-width:100%}.e-con-inner>.elementor-widget-spacer,.e-con>.elementor-widget-spacer{width:var(--container-widget-width,var(--spacer-size));--align-self:var(--container-widget-align-self,initial);--flex-shrink:0}.e-con-inner>.elementor-widget-spacer>.elementor-widget-container,.e-con>.elementor-widget-spacer>.elementor-widget-container{height:100%;width:100%}.e-con-inner>.elementor-widget-spacer>.elementor-widget-container>.elementor-spacer,.e-con>.elementor-widget-spacer>.elementor-widget-container>.elementor-spacer{height:100%}.e-con-inner>.elementor-widget-spacer>.elementor-widget-container>.elementor-spacer>.elementor-spacer-inner,.e-con>.elementor-widget-spacer>.elementor-widget-container>.elementor-spacer>.elementor-spacer-inner{height:var(--container-widget-height,var(--spacer-size))}.e-con-inner>.elementor-widget-spacer.elementor-widget-empty,.e-con>.elementor-widget-spacer.elementor-widget-empty{position:relative;min-height:22px;min-width:22px}.e-con-inner>.elementor-widget-spacer.elementor-widget-empty .elementor-widget-empty-icon,.e-con>.elementor-widget-spacer.elementor-widget-empty .elementor-widget-empty-icon{position:absolute;top:0;bottom:0;left:0;right:0;margin:auto;padding:0;width:22px;height:22px}<\/style>\t\t<div class=\"elementor-spacer\">\n\t\t\t<div class=\"elementor-spacer-inner\"><\/div>\n\t\t<\/div>\n\t\t\t\t<\/div>\n\t\t\t\t<\/div>\n\t\t\t\t<div class=\"elementor-element elementor-element-6e2fb4f5 elementor-widget-divider--view-line elementor-widget elementor-widget-divider\" data-id=\"6e2fb4f5\" data-element_type=\"widget\" data-widget_type=\"divider.default\">\n\t\t\t\t<div class=\"elementor-widget-container\">\n\t\t\t\t\t<div class=\"elementor-divider\">\n\t\t\t<span class=\"elementor-divider-separator\">\n\t\t\t\t\t\t<\/span>\n\t\t<\/div>\n\t\t\t\t<\/div>\n\t\t\t\t<\/div>\n\t\t<div class=\"elementor-element elementor-element-4b4460 e-con-full e-flex e-con e-child\" data-id=\"4b4460\" data-element_type=\"container\" data-settings=\"{&quot;content_width&quot;:&quot;full&quot;}\">\n\t\t\t\t<div class=\"elementor-element elementor-element-3fc96f9b elementor-align-center elementor-widget elementor-widget-button\" data-id=\"3fc96f9b\" data-element_type=\"widget\" data-widget_type=\"button.default\">\n\t\t\t\t<div class=\"elementor-widget-container\">\n\t\t\t\t\t<div class=\"elementor-button-wrapper\">\n\t\t\t<a class=\"elementor-button elementor-button-link elementor-size-sm\" href=\"#\">\n\t\t\t\t\t\t<span class=\"elementor-button-content-wrapper\">\n\t\t\t\t\t\t<span class=\"elementor-button-text\">Je participe<\/span>\n\t\t<\/span>\n\t\t\t\t\t<\/a>\n\t\t<\/div>\n\t\t\t\t<\/div>\n\t\t\t\t<\/div>\n\t\t\t\t<\/div>\n\t\t\t\t\t<\/div>\n\t\t\t\t<\/div>\n\t\t<div class=\"elementor-element elementor-element-b141e89 e-flex e-con-boxed e-con e-parent\" data-id=\"b141e89\" data-element_type=\"container\" data-settings=\"{&quot;content_width&quot;:&quot;boxed&quot;}\" data-core-v316-plus=\"true\">\n\t\t\t\t\t<div class=\"e-con-inner\">\n\t\t\t\t\t<\/div>\n\t\t\t\t<\/div>\n\t\t<div class=\"elementor-element elementor-element-13f3ddd e-flex e-con-boxed e-con e-parent\" data-id=\"13f3ddd\" data-element_type=\"container\" data-settings=\"{&quot;content_width&quot;:&quot;boxed&quot;}\" data-core-v316-plus=\"true\">\n\t\t\t\t\t<div class=\"e-con-inner\">\n\t\t\t\t<div class=\"elementor-element elementor-element-5a86835 elementor-widget-divider--view-line elementor-widget elementor-widget-divider\" data-id=\"5a86835\" data-element_type=\"widget\" data-widget_type=\"divider.default\">\n\t\t\t\t<div class=\"elementor-widget-container\">\n\t\t\t\t\t<div class=\"elementor-divider\">\n\t\t\t<span class=\"elementor-divider-separator\">\n\t\t\t\t\t\t<\/span>\n\t\t<\/div>\n\t\t\t\t<\/div>\n\t\t\t\t<\/div>\n\t\t\t\t\t<\/div>\n\t\t\t\t<\/div>\n\t\t\t\t\t\t\t<\/div>\n\t\t","protected":false},"excerpt":{"rendered":"<p>Nos programmes Nos programmes sont pens\u00e9s avec vous \u00e0 l&rsquo;esprit ! N&rsquo;h\u00e9sitez pas \u00e0 en b\u00e9n\u00e9ficier, car ils sont sp\u00e9cialement cr\u00e9\u00e9s pour r\u00e9pondre \u00e0 vos besoins. Nous vous encourageons vivement&#8230;<\/p>\n","protected":false},"author":1,"featured_media":0,"parent":0,"menu_order":0,"comment_status":"closed","ping_status":"closed","template":"elementor_header_footer","meta":{"_eb_attr":"","_kadence_starter_templates_imported_post":false,"_kad_post_transparent":"","_kad_post_title":"hide","_kad_post_layout":"fullwidth","_kad_post_sidebar_id":"","_kad_post_content_style":"unboxed","_kad_post_vertical_padding":"hide","_kad_post_feature":"hide","_kad_post_feature_position":"","_kad_post_header":false,"_kad_post_footer":false,"_ti_tpc_template_sync":false,"_ti_tpc_template_id":"","footnotes":""},"class_list":["post-2138","page","type-page","status-publish","hentry"],"_links":{"self":[{"href":"https:\/\/ahcqad.org\/fr\/index.php?rest_route=\/wp\/v2\/pages\/2138"}],"collection":[{"href":"https:\/\/ahcqad.org\/fr\/index.php?rest_route=\/wp\/v2\/pages"}],"about":[{"href":"https:\/\/ahcqad.org\/fr\/index.php?rest_route=\/wp\/v2\/types\/page"}],"author":[{"embeddable":true,"href":"https:\/\/ahcqad.org\/fr\/index.php?rest_route=\/wp\/v2\/users\/1"}],"replies":[{"embeddable":true,"href":"https:\/\/ahcqad.org\/fr\/index.php?rest_route=%2Fwp%2Fv2%2Fcomments&post=2138"}],"version-history":[{"count":10,"href":"https:\/\/ahcqad.org\/fr\/index.php?rest_route=\/wp\/v2\/pages\/2138\/revisions"}],"predecessor-version":[{"id":2266,"href":"https:\/\/ahcqad.org\/fr\/index.php?rest_route=\/wp\/v2\/pages\/2138\/revisions\/2266"}],"wp:attachment":[{"href":"https:\/\/ahcqad.org\/fr\/index.php?rest_route=%2Fwp%2Fv2%2Fmedia&parent=2138"}],"curies":[{"name":"wp","href":"https:\/\/api.w.org\/{rel}","templated":true}]}}