{"id":2166,"date":"2024-01-24T03:27:52","date_gmt":"2024-01-24T08:27:52","guid":{"rendered":"https:\/\/ahcqad.org\/?page_id=2166"},"modified":"2024-01-24T04:04:13","modified_gmt":"2024-01-24T09:04:13","slug":"dans-les-medias","status":"publish","type":"page","link":"https:\/\/ahcqad.org\/fr?page_id=2166","title":{"rendered":"Dans les m\u00e9dias"},"content":{"rendered":"\t\t<div data-elementor-type=\"wp-page\" data-elementor-id=\"2166\" class=\"elementor elementor-2166\">\n\t\t\t\t\t\t\t<div class=\"elementor-element elementor-element-2ea44df e-flex e-con-boxed e-con e-parent\" data-id=\"2ea44df\" data-element_type=\"container\" data-settings=\"{&quot;content_width&quot;:&quot;boxed&quot;}\" data-core-v316-plus=\"true\">\n\t\t\t\t\t<div class=\"e-con-inner\">\n\t\t\t\t\t<\/div>\n\t\t\t\t<\/div>\n\t\t<div class=\"elementor-element elementor-element-b71c8c5 e-flex e-con-boxed e-con e-parent\" data-id=\"b71c8c5\" data-element_type=\"container\" data-settings=\"{&quot;content_width&quot;:&quot;boxed&quot;}\" data-core-v316-plus=\"true\">\n\t\t\t\t\t<div class=\"e-con-inner\">\n\t\t\t\t\t<\/div>\n\t\t\t\t<\/div>\n\t\t<div class=\"elementor-element elementor-element-8d95dfc e-flex e-con-boxed e-con e-parent\" data-id=\"8d95dfc\" data-element_type=\"container\" data-settings=\"{&quot;content_width&quot;:&quot;boxed&quot;}\" data-core-v316-plus=\"true\">\n\t\t\t\t\t<div class=\"e-con-inner\">\n\t\t\t\t<div class=\"elementor-element elementor-element-2d9b875 elementor-widget elementor-widget-heading\" data-id=\"2d9b875\" data-element_type=\"widget\" data-widget_type=\"heading.default\">\n\t\t\t\t<div class=\"elementor-widget-container\">\n\t\t\t<style>\/*! elementor - v3.18.0 - 20-12-2023 *\/\n.elementor-heading-title{padding:0;margin:0;line-height:1}.elementor-widget-heading .elementor-heading-title[class*=elementor-size-]>a{color:inherit;font-size:inherit;line-height:inherit}.elementor-widget-heading .elementor-heading-title.elementor-size-small{font-size:15px}.elementor-widget-heading .elementor-heading-title.elementor-size-medium{font-size:19px}.elementor-widget-heading .elementor-heading-title.elementor-size-large{font-size:29px}.elementor-widget-heading .elementor-heading-title.elementor-size-xl{font-size:39px}.elementor-widget-heading .elementor-heading-title.elementor-size-xxl{font-size:59px}<\/style><h2 class=\"elementor-heading-title elementor-size-default\">Dans les journaux\n<\/h2>\t\t<\/div>\n\t\t\t\t<\/div>\n\t\t\t\t<div class=\"elementor-element elementor-element-bbdfaf8 elementor-widget elementor-widget-spacer\" data-id=\"bbdfaf8\" data-element_type=\"widget\" data-widget_type=\"spacer.default\">\n\t\t\t\t<div class=\"elementor-widget-container\">\n\t\t\t<style>\/*! elementor - v3.18.0 - 20-12-2023 *\/\n.elementor-column .elementor-spacer-inner{height:var(--spacer-size)}.e-con{--container-widget-width:100%}.e-con-inner>.elementor-widget-spacer,.e-con>.elementor-widget-spacer{width:var(--container-widget-width,var(--spacer-size));--align-self:var(--container-widget-align-self,initial);--flex-shrink:0}.e-con-inner>.elementor-widget-spacer>.elementor-widget-container,.e-con>.elementor-widget-spacer>.elementor-widget-container{height:100%;width:100%}.e-con-inner>.elementor-widget-spacer>.elementor-widget-container>.elementor-spacer,.e-con>.elementor-widget-spacer>.elementor-widget-container>.elementor-spacer{height:100%}.e-con-inner>.elementor-widget-spacer>.elementor-widget-container>.elementor-spacer>.elementor-spacer-inner,.e-con>.elementor-widget-spacer>.elementor-widget-container>.elementor-spacer>.elementor-spacer-inner{height:var(--container-widget-height,var(--spacer-size))}.e-con-inner>.elementor-widget-spacer.elementor-widget-empty,.e-con>.elementor-widget-spacer.elementor-widget-empty{position:relative;min-height:22px;min-width:22px}.e-con-inner>.elementor-widget-spacer.elementor-widget-empty .elementor-widget-empty-icon,.e-con>.elementor-widget-spacer.elementor-widget-empty .elementor-widget-empty-icon{position:absolute;top:0;bottom:0;left:0;right:0;margin:auto;padding:0;width:22px;height:22px}<\/style>\t\t<div class=\"elementor-spacer\">\n\t\t\t<div class=\"elementor-spacer-inner\"><\/div>\n\t\t<\/div>\n\t\t\t\t<\/div>\n\t\t\t\t<\/div>\n\t\t\t\t<div class=\"elementor-element elementor-element-57dafdd elementor-widget elementor-widget-spacer\" data-id=\"57dafdd\" data-element_type=\"widget\" data-widget_type=\"spacer.default\">\n\t\t\t\t<div class=\"elementor-widget-container\">\n\t\t\t\t\t<div class=\"elementor-spacer\">\n\t\t\t<div class=\"elementor-spacer-inner\"><\/div>\n\t\t<\/div>\n\t\t\t\t<\/div>\n\t\t\t\t<\/div>\n\t\t\t\t\t<\/div>\n\t\t\t\t<\/div>\n\t\t<div class=\"elementor-element elementor-element-1bf984c e-flex e-con-boxed e-con e-parent\" data-id=\"1bf984c\" data-element_type=\"container\" data-settings=\"{&quot;content_width&quot;:&quot;boxed&quot;}\" data-core-v316-plus=\"true\">\n\t\t\t\t\t<div class=\"e-con-inner\">\n\t\t\t\t<div class=\"elementor-element elementor-element-d06e5af elementor-position-top elementor-widget elementor-widget-image-box\" data-id=\"d06e5af\" data-element_type=\"widget\" data-widget_type=\"image-box.default\">\n\t\t\t\t<div class=\"elementor-widget-container\">\n\t\t\t<style>\/*! elementor - v3.18.0 - 20-12-2023 *\/\n.elementor-widget-image-box .elementor-image-box-content{width:100%}@media (min-width:768px){.elementor-widget-image-box.elementor-position-left .elementor-image-box-wrapper,.elementor-widget-image-box.elementor-position-right .elementor-image-box-wrapper{display:flex}.elementor-widget-image-box.elementor-position-right .elementor-image-box-wrapper{text-align:right;flex-direction:row-reverse}.elementor-widget-image-box.elementor-position-left .elementor-image-box-wrapper{text-align:left;flex-direction:row}.elementor-widget-image-box.elementor-position-top .elementor-image-box-img{margin:auto}.elementor-widget-image-box.elementor-vertical-align-top .elementor-image-box-wrapper{align-items:flex-start}.elementor-widget-image-box.elementor-vertical-align-middle .elementor-image-box-wrapper{align-items:center}.elementor-widget-image-box.elementor-vertical-align-bottom .elementor-image-box-wrapper{align-items:flex-end}}@media (max-width:767px){.elementor-widget-image-box .elementor-image-box-img{margin-left:auto!important;margin-right:auto!important;margin-bottom:15px}}.elementor-widget-image-box .elementor-image-box-img{display:inline-block}.elementor-widget-image-box .elementor-image-box-title a{color:inherit}.elementor-widget-image-box .elementor-image-box-wrapper{text-align:center}.elementor-widget-image-box .elementor-image-box-description{margin:0}<\/style><div class=\"elementor-image-box-wrapper\"><figure class=\"elementor-image-box-img\"><a href=\"https:\/\/journalmetro.com\/local\/saint-leonard\/2843475\/festivites-fete-nationale-retour-saint-leonard\/\" tabindex=\"-1\"><img fetchpriority=\"high\" decoding=\"async\" width=\"929\" height=\"510\" src=\"https:\/\/ahcqad.org\/wp-content\/uploads\/2024\/01\/Capture-decran-151.png\" class=\"attachment-full size-full wp-image-2170\" alt=\"\" srcset=\"https:\/\/ahcqad.org\/wp-content\/uploads\/2024\/01\/Capture-decran-151.png 929w, https:\/\/ahcqad.org\/wp-content\/uploads\/2024\/01\/Capture-decran-151-300x165.png 300w, https:\/\/ahcqad.org\/wp-content\/uploads\/2024\/01\/Capture-decran-151-768x422.png 768w\" sizes=\"(max-width: 929px) 100vw, 929px\" \/><\/a><\/figure><div class=\"elementor-image-box-content\"><h3 class=\"elementor-image-box-title\"><a href=\"https:\/\/journalmetro.com\/local\/saint-leonard\/2843475\/festivites-fete-nationale-retour-saint-leonard\/\">Les festivit\u00e9s de la f\u00eate nationale de retour cette ann\u00e9e \u00e0 Saint-L\u00e9onard<\/a><\/h3><p class=\"elementor-image-box-description\">Felicidades Joseph et l'AHCQAD invite les L\u00e9onardois \u00e0 participer \u00e0 ses festivit\u00e9s de la f\u00eate nationale du Qu\u00e9bec au parc Wilfrid Bastien.<\/p><\/div><\/div>\t\t<\/div>\n\t\t\t\t<\/div>\n\t\t\t\t<div class=\"elementor-element elementor-element-7bfa591 elementor-position-top elementor-widget elementor-widget-image-box\" data-id=\"7bfa591\" data-element_type=\"widget\" data-widget_type=\"image-box.default\">\n\t\t\t\t<div class=\"elementor-widget-container\">\n\t\t\t<div class=\"elementor-image-box-wrapper\"><figure class=\"elementor-image-box-img\"><a href=\"https:\/\/journalmetro.com\/local\/saint-leonard\/2829282\/felicidades-joseph-recherche-benevoles\/\" tabindex=\"-1\"><img decoding=\"async\" width=\"928\" height=\"526\" src=\"https:\/\/ahcqad.org\/wp-content\/uploads\/2024\/01\/Capture-decran-152.png\" class=\"attachment-full size-full wp-image-2172\" alt=\"\" srcset=\"https:\/\/ahcqad.org\/wp-content\/uploads\/2024\/01\/Capture-decran-152.png 928w, https:\/\/ahcqad.org\/wp-content\/uploads\/2024\/01\/Capture-decran-152-300x170.png 300w, https:\/\/ahcqad.org\/wp-content\/uploads\/2024\/01\/Capture-decran-152-768x435.png 768w\" sizes=\"(max-width: 928px) 100vw, 928px\" \/><\/a><\/figure><div class=\"elementor-image-box-content\"><h3 class=\"elementor-image-box-title\"><a href=\"https:\/\/journalmetro.com\/local\/saint-leonard\/2829282\/felicidades-joseph-recherche-benevoles\/\">Felicidades Joseph recherche des b\u00e9n\u00e9voles pour l\u2019aider dans sa mission<\/a><\/h3><p class=\"elementor-image-box-description\">Chaque semaine, plus de 80 familles de Saint-L\u00e9onard b\u00e9n\u00e9ficient d\u2019un panier alimentaire \u00e0 prix brad\u00e9 gr\u00e2ce aux efforts de l\u2019Association ha\u00eftiano-canado-qu\u00e9b\u00e9coise d\u2019aide aux d\u00e9munis (AHCQAD).<\/p><\/div><\/div>\t\t<\/div>\n\t\t\t\t<\/div>\n\t\t\t\t\t<\/div>\n\t\t\t\t<\/div>\n\t\t\t\t\t\t\t<\/div>\n\t\t","protected":false},"excerpt":{"rendered":"<p>Dans les journaux Les festivit\u00e9s de la f\u00eate nationale de retour cette ann\u00e9e \u00e0 Saint-L\u00e9onard Felicidades Joseph et l&rsquo;AHCQAD invite les L\u00e9onardois \u00e0 participer \u00e0 ses festivit\u00e9s de la f\u00eate&#8230;<\/p>\n","protected":false},"author":1,"featured_media":0,"parent":0,"menu_order":0,"comment_status":"closed","ping_status":"closed","template":"","meta":{"_eb_attr":"","_kadence_starter_templates_imported_post":false,"_kad_post_transparent":"","_kad_post_title":"hide","_kad_post_layout":"fullwidth","_kad_post_sidebar_id":"","_kad_post_content_style":"unboxed","_kad_post_vertical_padding":"hide","_kad_post_feature":"hide","_kad_post_feature_position":"","_kad_post_header":false,"_kad_post_footer":false,"_ti_tpc_template_sync":false,"_ti_tpc_template_id":"","footnotes":""},"class_list":["post-2166","page","type-page","status-publish","hentry"],"_links":{"self":[{"href":"https:\/\/ahcqad.org\/fr\/index.php?rest_route=\/wp\/v2\/pages\/2166"}],"collection":[{"href":"https:\/\/ahcqad.org\/fr\/index.php?rest_route=\/wp\/v2\/pages"}],"about":[{"href":"https:\/\/ahcqad.org\/fr\/index.php?rest_route=\/wp\/v2\/types\/page"}],"author":[{"embeddable":true,"href":"https:\/\/ahcqad.org\/fr\/index.php?rest_route=\/wp\/v2\/users\/1"}],"replies":[{"embeddable":true,"href":"https:\/\/ahcqad.org\/fr\/index.php?rest_route=%2Fwp%2Fv2%2Fcomments&post=2166"}],"version-history":[{"count":11,"href":"https:\/\/ahcqad.org\/fr\/index.php?rest_route=\/wp\/v2\/pages\/2166\/revisions"}],"predecessor-version":[{"id":2235,"href":"https:\/\/ahcqad.org\/fr\/index.php?rest_route=\/wp\/v2\/pages\/2166\/revisions\/2235"}],"wp:attachment":[{"href":"https:\/\/ahcqad.org\/fr\/index.php?rest_route=%2Fwp%2Fv2%2Fmedia&parent=2166"}],"curies":[{"name":"wp","href":"https:\/\/api.w.org\/{rel}","templated":true}]}}